{"id":271,"date":"2024-07-16T13:49:59","date_gmt":"2024-07-16T11:49:59","guid":{"rendered":"https:\/\/taunushuaia.com.ar\/?post_type=product&#038;p=271"},"modified":"2024-08-16T12:50:19","modified_gmt":"2024-08-16T10:50:19","slug":"packrafting-travesia-rio-lasifashaj","status":"publish","type":"product","link":"https:\/\/taunushuaia.com.ar\/en\/excursion\/packrafting-travesia-rio-lasifashaj\/","title":{"rendered":"Packrafting Traves\u00eda Rio Lasifashaj"},"content":{"rendered":"<p>DOS DIAS FLUYENDO RIO ABAJO MAS UNA NOCHE DE CAMPAMENTO<br \/>\nEN UNA PLAYITA<\/p>\n<p>&nbsp;<\/p>\n<p class=\"selectable-text copyable-text x15bjb6t x1n2onr6\" dir=\"ltr\"><span class=\"selectable-text copyable-text\">Esta excursi\u00f3n est\u00e1 pensada para aquellos que ya hayan tenido una experiencia en rio. Tambi\u00e9n est\u00e1 orientada a aquellos que deseen tener una experiencia m\u00e1s profunda en la naturaleza, dado que estaremos 1 noche y 2 d\u00edas navegando y acampando en una zona pr\u00edstina, totalmente virgen donde no hay asentamientos, abastecimiento, ni circulaci\u00f3n de personas.<\/span><\/p>\n<p class=\"selectable-text copyable-text x15bjb6t x1n2onr6\" dir=\"ltr\"><span class=\"selectable-text copyable-text\">La zona a explorar es en cercan\u00edas a la Estancia Harberton, pr\u00f3xima al Canal Beagle, a 60 km al este de Ushuaia. Tierras boscosas, densas, con flora y fauna natural e inalterada, atravesadas por el R\u00edo Lasifashaj que recorre de norte a sur hasta conectar con un ambiente abierto de estepa, finalizando en el Canal interoce\u00e1nico.<\/span><\/p>\n<p class=\"selectable-text copyable-text x15bjb6t x1n2onr6\" dir=\"ltr\"><span class=\"selectable-text copyable-text\">Esa es nuestra propuesta, remar rio abajo, conectando distintos ambientes naturales y diversa flora y fauna acerc\u00e1ndonos al Canal Beagle que desemboca a trav\u00e9s de un hermoso estuario.<\/span><\/p>\n<p class=\"selectable-text copyable-text x15bjb6t x1n2onr6\" dir=\"ltr\"><span class=\"selectable-text copyable-text\">Luego de preparar nuestros botes con el equipo necesario a bordo, comenzara la traves\u00eda en el rio, donde apreciaremos bosques frondosos de Nothofagus, bosques altos, cerrados, verdes, a\u00f1ejos, con la Cordillera de los Andes siempre a la vista. Nos adentraremos en el bosque, donde guanacos silvestres nos observaran curiosos desde la costa al vernos pasar, y alg\u00fan que otro castor nos podr\u00e1 sorprender desde el agua. Aves diversas, patos, garzas, son algunas de las especies que nos acompa\u00f1ar\u00e1n en esta excursi\u00f3n.<\/span><\/p>\n<p class=\"selectable-text copyable-text x15bjb6t x1n2onr6\" dir=\"ltr\"><span class=\"selectable-text copyable-text\"><br \/>\n<strong>D\u00eda 1:<\/strong> Traslado desde Ushuaia hasta la base del Cerro Cornu, donde a orillas<br \/>\ndel rio comienza nuestra traves\u00eda, descendiendo en botes por el Lasifasaj.<br \/>\nA la tarde paramos en una playita y armamos campamento.<br \/>\n<strong>D\u00eda 2:<\/strong> Continuamos rio abajo alej\u00e1ndonos de las monta\u00f1as hasta llegar al mar,<br \/>\ndonde finaliza nuestro recorrido. Nos busca la combi para volver a Ushuaia.<\/span><\/p>\n","protected":false},"excerpt":{"rendered":"<p>DOS DIAS FLUYENDO RIO ABAJO MAS UNA NOCHE DE CAMPAMENTO EN UNA PLAYITA &nbsp; Esta excursi\u00f3n est\u00e1 pensada para aquellos que ya hayan tenido una &#8230;<\/p>\n","protected":false},"featured_media":1034,"template":"","meta":{"_acf_changed":false},"epoca":[28,24],"tipo-excursion":[17],"product_brand":[],"product_cat":[15],"product_tag":[],"class_list":{"0":"post-271","1":"product","2":"type-product","3":"status-publish","4":"has-post-thumbnail","6":"tipo-excursion-packrafting","7":"product_cat-sin-categorizar","9":"first","10":"instock","11":"sold-individually","12":"shipping-taxable","13":"purchasable","14":"product-type-booking"},"acf":[],"_links":{"self":[{"href":"https:\/\/taunushuaia.com.ar\/en\/wp-json\/wp\/v2\/product\/271","targetHints":{"allow":["GET"]}}],"collection":[{"href":"https:\/\/taunushuaia.com.ar\/en\/wp-json\/wp\/v2\/product"}],"about":[{"href":"https:\/\/taunushuaia.com.ar\/en\/wp-json\/wp\/v2\/types\/product"}],"wp:featuredmedia":[{"embeddable":true,"href":"https:\/\/taunushuaia.com.ar\/en\/wp-json\/wp\/v2\/media\/1034"}],"wp:attachment":[{"href":"https:\/\/taunushuaia.com.ar\/en\/wp-json\/wp\/v2\/media?parent=271"}],"wp:term":[{"taxonomy":"epoca","embeddable":true,"href":"https:\/\/taunushuaia.com.ar\/en\/wp-json\/wp\/v2\/epoca?post=271"},{"taxonomy":"tipo-excursion","embeddable":true,"href":"https:\/\/taunushuaia.com.ar\/en\/wp-json\/wp\/v2\/tipo-excursion?post=271"},{"taxonomy":"product_brand","embeddable":true,"href":"https:\/\/taunushuaia.com.ar\/en\/wp-json\/wp\/v2\/product_brand?post=271"},{"taxonomy":"product_cat","embeddable":true,"href":"https:\/\/taunushuaia.com.ar\/en\/wp-json\/wp\/v2\/product_cat?post=271"},{"taxonomy":"product_tag","embeddable":true,"href":"https:\/\/taunushuaia.com.ar\/en\/wp-json\/wp\/v2\/product_tag?post=271"}],"curies":[{"name":"wp","href":"https:\/\/api.w.org\/{rel}","templated":true}]}}