{"id":274,"date":"2024-08-04T01:33:39","date_gmt":"2024-08-03T23:33:39","guid":{"rendered":"https:\/\/taunushuaia.com.ar\/?post_type=product&#038;p=274"},"modified":"2026-02-06T17:47:54","modified_gmt":"2026-02-06T16:47:54","slug":"monte-carbajal-y-laguna-turquesa","status":"publish","type":"product","link":"https:\/\/taunushuaia.com.ar\/en\/excursion\/monte-carbajal-y-laguna-turquesa\/","title":{"rendered":"Monte Carbajal y laguna Turquesa"},"content":{"rendered":"<p class=\"selectable-text copyable-text x15bjb6t x1n2onr6\" dir=\"ltr\"><span class=\"selectable-text copyable-text\">Esta salida est\u00e1 pensada para los amantes del trekking y la aventura. Es un circuito con paisajes inigualables, para los que quieran seguir visitando rincones que ofrece este hermoso lugar. Veremos varias lagunas de monta\u00f1a de diferentes colores y tama\u00f1os, y llegaremos hasta la parte alta del Monte Carabajal donde las vistas 360\u00b0 son un espect\u00e1culo que nos regalan un momento memorable. Volvemos por el Valle de Olum, permiti\u00e9ndonos conocer otro camino y otras vistas.<\/span><\/p>\n<p class=\"selectable-text copyable-text x15bjb6t x1n2onr6\" dir=\"ltr\"><span class=\"selectable-text copyable-text\">Comenzamos la caminata en el valle de Tierra Mayor donde la Laguna Turquesa es nuestra primera parada. Su color intenso, su entorno y el paisaje nos maravillan a todo momento. Continuamos el ascenso hasta un filo de roca, donde vamos a bordear la laguna por la parte alta de la monta\u00f1a hasta llegar a la cumbre del Monte Carabajal. Esta parte del recorrido tiene unas vistas impresionantes: a lo lejos sobre el cord\u00f3n monta\u00f1oso de enfrente veremos la Laguna Esmeralda y el Glaciar Ojo del Albino, y sobre la parte baja el Valle de Tierra Mayor y Carabajal, que cuenta con uno de los turbales m\u00e1s extensos e inalterados de la zona.<\/span><\/p>\n<p class=\"selectable-text copyable-text x15bjb6t x1n2onr6\" dir=\"ltr\"><span class=\"selectable-text copyable-text\">Llegar a la parte alta de la monta\u00f1a nos llevar\u00e1 tres horas de caminata a un ritmo constante. Volvemos por otro camino, recorriendo diferentes lagunas de monta\u00f1a que se han formado por la nieve que se derrite en el verano.<\/span><\/p>\n<p class=\"selectable-text copyable-text x15bjb6t x1n2onr6\" dir=\"ltr\"><span class=\"selectable-text copyable-text\">El valle del Olum es nuestro camino de regreso, bosques nativos y diques de castores nos esperan en la parte baja.<\/span><\/p>\n","protected":false},"excerpt":{"rendered":"<p>Esta salida est\u00e1 pensada para los amantes del trekking y la aventura. Es un circuito con paisajes inigualables, para los que quieran seguir visitando rincones &#8230;<\/p>\n","protected":false},"featured_media":1165,"template":"","meta":{"_acf_changed":false},"epoca":[25],"tipo-excursion":[18],"product_brand":[],"product_cat":[15],"product_tag":[],"class_list":{"0":"post-274","1":"product","2":"type-product","3":"status-publish","4":"has-post-thumbnail","6":"tipo-excursion-montanismo","7":"product_cat-sin-categorizar","9":"first","10":"instock","11":"virtual","12":"sold-individually","13":"purchasable","14":"product-type-booking"},"acf":[],"_links":{"self":[{"href":"https:\/\/taunushuaia.com.ar\/en\/wp-json\/wp\/v2\/product\/274","targetHints":{"allow":["GET"]}}],"collection":[{"href":"https:\/\/taunushuaia.com.ar\/en\/wp-json\/wp\/v2\/product"}],"about":[{"href":"https:\/\/taunushuaia.com.ar\/en\/wp-json\/wp\/v2\/types\/product"}],"wp:featuredmedia":[{"embeddable":true,"href":"https:\/\/taunushuaia.com.ar\/en\/wp-json\/wp\/v2\/media\/1165"}],"wp:attachment":[{"href":"https:\/\/taunushuaia.com.ar\/en\/wp-json\/wp\/v2\/media?parent=274"}],"wp:term":[{"taxonomy":"epoca","embeddable":true,"href":"https:\/\/taunushuaia.com.ar\/en\/wp-json\/wp\/v2\/epoca?post=274"},{"taxonomy":"tipo-excursion","embeddable":true,"href":"https:\/\/taunushuaia.com.ar\/en\/wp-json\/wp\/v2\/tipo-excursion?post=274"},{"taxonomy":"product_brand","embeddable":true,"href":"https:\/\/taunushuaia.com.ar\/en\/wp-json\/wp\/v2\/product_brand?post=274"},{"taxonomy":"product_cat","embeddable":true,"href":"https:\/\/taunushuaia.com.ar\/en\/wp-json\/wp\/v2\/product_cat?post=274"},{"taxonomy":"product_tag","embeddable":true,"href":"https:\/\/taunushuaia.com.ar\/en\/wp-json\/wp\/v2\/product_tag?post=274"}],"curies":[{"name":"wp","href":"https:\/\/api.w.org\/{rel}","templated":true}]}}