{"id":80,"date":"2024-08-05T17:32:25","date_gmt":"2024-08-05T15:32:25","guid":{"rendered":"https:\/\/taunushuaia.com.ar\/?post_type=product&#038;p=80"},"modified":"2026-03-26T14:51:00","modified_gmt":"2026-03-26T13:51:00","slug":"cruzando-la-cordillera","status":"publish","type":"product","link":"https:\/\/taunushuaia.com.ar\/en\/excursion\/cruzando-la-cordillera\/","title":{"rendered":"Cruzando La Cordillera"},"content":{"rendered":"<h2><span style=\"font-weight: 400;\">Trekking m\u00e1s Packraft en el lago escondido\u00a0<\/span><\/h2>\n<p><span style=\"font-weight: 400;\">Salimos en combi de la ciudad de Ushuaia. Recorriendo la RN 3 pasamos por el Valle de\u00a0 Tierra Mayor, hasta llegar a la zona del Paso Garibaldi. Durante los 50 minutos de recorrido en veh\u00edculo iremos teniendo una charla placentera sobre la historia, cultura y paisajes del lugar que estamos visitando. Recomiendo llevar unos mates y ponerse c\u00f3modo. Una vez lleguemos al Paso vamos a frenar y nos vamos a preparar para el Trekking. <\/span><\/p>\n<p><span style=\"font-weight: 400;\">La caminata dura 3 hs entre ida y vuelta. De dificulta f\u00e1cil, porque son 4km, pero con partes en subida con terreno de monta\u00f1a, piedras, turba, barro y aventura. <\/span><\/p>\n<p><span style=\"font-weight: 400;\">El recorrido es muy lindo las vistas de la cordillera desde la parte alta de la monta\u00f1a son espectaculares, nos encontramos pasando el l\u00edmite de vegetaci\u00f3n, vamos a llegar a la zona de lagunas gemelas, dos lagunas de monta\u00f1a y seguimos caminando hasta unas terrazas de roca, con vistas a los lagos, escondido y Fagnano. <\/span><\/p>\n<p><span style=\"font-weight: 400;\">En la parte alta vamos a compartir una bebida caliente y un muy rico alfajor y comida de marcha. Para con el alma llena y la panza calentita\u00a0 vamos a volver a la combi para seguir en veh\u00edculo hasta el lago escondido, son solo 15 minutos hasta llegar a la cabecera del lago, donde vamos a comer un guiso de monta\u00f1a caliente mientras preparamos el equipo de botes y remos. <\/span><\/p>\n<p><span style=\"font-weight: 400;\">Los botes son individuales o dobles. Son muy estables y f\u00e1ciles de conducir. La traves\u00eda en el lago dura una hora. La intenci\u00f3n es conocer, conectar con el agua y el ambiente que nos rodea. Si las condiciones clim\u00e1ticas son complicadas ya sea por viento o por lluvia.<\/span><\/p>\n<p><img loading=\"lazy\" decoding=\"async\" class=\"aligncenter wp-image-208 size-full\" src=\"https:\/\/taunushuaia.com.ar\/wp-content\/uploads\/2024\/07\/Cruzando-la-cordillera-taun9.jpg\" alt=\"\" width=\"1200\" height=\"800\" srcset=\"https:\/\/taunushuaia.com.ar\/wp-content\/uploads\/2024\/07\/Cruzando-la-cordillera-taun9.jpg 1200w, https:\/\/taunushuaia.com.ar\/wp-content\/uploads\/2024\/07\/Cruzando-la-cordillera-taun9-300x200.jpg 300w, https:\/\/taunushuaia.com.ar\/wp-content\/uploads\/2024\/07\/Cruzando-la-cordillera-taun9-1024x683.jpg 1024w, https:\/\/taunushuaia.com.ar\/wp-content\/uploads\/2024\/07\/Cruzando-la-cordillera-taun9-768x512.jpg 768w, https:\/\/taunushuaia.com.ar\/wp-content\/uploads\/2024\/07\/Cruzando-la-cordillera-taun9-600x400.jpg 600w\" sizes=\"auto, (max-width: 1200px) 100vw, 1200px\" \/><\/p>\n<p><span style=\"font-weight: 400;\">Cambiamos a otra actividad de trekking. <\/span><\/p>\n<p><span style=\"font-weight: 400;\">Vamos a ir a la cascada velo de novia en la zona del r\u00edo olivia, de una hora de duraci\u00f3n total de caminata, donde vamos a caminar por el bosque ver dos saltos de agua entre las rocas y nos podremos parar de tras de una de ella y sentir la fuerza del agua. La caminata es f\u00e1cil porque es corta pero con pendiente pronunciada por partes.\u00a0<\/span><\/p>\n<p><span style=\"font-weight: 400;\">Temporada: todo el a\u00f1o en invierno con raquetas de nieve o grampines.<\/span><\/p>\n<p>Cruz\u00e1 la Cordillera de los Andes con un trekking en la parte alta de la monta\u00f1a. Sin dificultades obtene y maravillate de las espectaculares vistas<br \/>\nde los lagos Escondido y Fagnano. Packraft en Lago Escondido, remamos una hora con botes super estables y divertidos. Si no se puede remar por meteorolog\u00eda, siempre hay un plan-b! Conoceremos la cascada Velo de Novia con un hermoso trekking.<\/p>\n","protected":false},"excerpt":{"rendered":"<p>Trekking m\u00e1s Packraft en el lago escondido\u00a0 Salimos en combi de la ciudad de Ushuaia. Recorriendo la RN 3 pasamos por el Valle de\u00a0 Tierra &#8230;<\/p>\n","protected":false},"featured_media":207,"template":"","meta":{"_acf_changed":false},"epoca":[25],"tipo-excursion":[34],"product_brand":[],"product_cat":[15],"product_tag":[],"class_list":{"0":"post-80","1":"product","2":"type-product","3":"status-publish","4":"has-post-thumbnail","6":"tipo-excursion-trekking-por-el-dia","7":"product_cat-sin-categorizar","9":"first","10":"instock","11":"virtual","12":"sold-individually","13":"purchasable","14":"product-type-booking"},"acf":[],"_links":{"self":[{"href":"https:\/\/taunushuaia.com.ar\/en\/wp-json\/wp\/v2\/product\/80","targetHints":{"allow":["GET"]}}],"collection":[{"href":"https:\/\/taunushuaia.com.ar\/en\/wp-json\/wp\/v2\/product"}],"about":[{"href":"https:\/\/taunushuaia.com.ar\/en\/wp-json\/wp\/v2\/types\/product"}],"wp:featuredmedia":[{"embeddable":true,"href":"https:\/\/taunushuaia.com.ar\/en\/wp-json\/wp\/v2\/media\/207"}],"wp:attachment":[{"href":"https:\/\/taunushuaia.com.ar\/en\/wp-json\/wp\/v2\/media?parent=80"}],"wp:term":[{"taxonomy":"epoca","embeddable":true,"href":"https:\/\/taunushuaia.com.ar\/en\/wp-json\/wp\/v2\/epoca?post=80"},{"taxonomy":"tipo-excursion","embeddable":true,"href":"https:\/\/taunushuaia.com.ar\/en\/wp-json\/wp\/v2\/tipo-excursion?post=80"},{"taxonomy":"product_brand","embeddable":true,"href":"https:\/\/taunushuaia.com.ar\/en\/wp-json\/wp\/v2\/product_brand?post=80"},{"taxonomy":"product_cat","embeddable":true,"href":"https:\/\/taunushuaia.com.ar\/en\/wp-json\/wp\/v2\/product_cat?post=80"},{"taxonomy":"product_tag","embeddable":true,"href":"https:\/\/taunushuaia.com.ar\/en\/wp-json\/wp\/v2\/product_tag?post=80"}],"curies":[{"name":"wp","href":"https:\/\/api.w.org\/{rel}","templated":true}]}}