{"id":2243,"date":"2024-07-10T20:53:37","date_gmt":"2024-07-10T18:53:37","guid":{"rendered":"https:\/\/taunushuaia.com.ar\/quem-somos\/"},"modified":"2024-07-10T20:53:37","modified_gmt":"2024-07-10T18:53:37","slug":"quem-somos","status":"publish","type":"page","link":"https:\/\/taunushuaia.com.ar\/pt-br\/quem-somos\/","title":{"rendered":"Quem Somos"},"content":{"rendered":"<div class=\"page\" title=\"Page 2\">\n<div class=\"layoutArea\">\n<div class=\"column\">\n<p><strong>Somos uma companhia familiar<\/strong> integrada por Guias de Montanha locais, amantes de esportes ao ar livre. Nascidos e criados em Ushuaia, queremos acompanh\u00e1-lo para conhecer este lugar lindo no fim do mundo e contar a sua hist\u00f3ria.<\/p>\n<p>Trabalhamos apaixonadamente no planejamento de atividades de Trekking, Packrafting, Montanhismo e Acampamentos. Desde sa\u00eddas de um dia at\u00e9 noites de mil estrelas dormindo na montanha.<\/p>\n<p><strong>Nosso objetivo<\/strong> \u00e9 compartilhar um dia na montanha em que voc\u00ea se sinta em casa, que viva experi\u00eancias maravilhosas, que aprenda sobre a montanha, que voltemos sendo amigos e que comecemos a sonhar em planejar juntos a nossa pr\u00f3xima aventura.<\/p>\n<blockquote>\n<h5><em><strong>Nossa for\u00e7a \u00e9 oferecer conhecimento e experi\u00eancia e, acima de tudo, garantir a seguran\u00e7a em cen\u00e1rios hostis.<\/strong><\/em><\/h5>\n<\/blockquote>\n<p>Estamos atentos a todos os detalhes. A comida Gourmet se destaca em cada uma de nossas sa\u00eddas. Oferecemos consultoria personalizada antes da viagem e ajudamos a organizar seus dias. Temos equipamentos para aluguel e os levamos at\u00e9 a sua hospedagem (botas, perneiras, jaqueta e cal\u00e7a imperme\u00e1vel).<\/p>\n<blockquote>\n<h5><em><strong>T\u00c1UN significa geleira na l\u00edngua nativa, e como elas, buscamos o prazer em harmonia com a natureza. Que a nossa passagem pela montanha deixe apenas uma linda lembran\u00e7a e que o lixo retorne conosco.<\/strong><\/em><\/h5>\n<\/blockquote>\n<\/div>\n<\/div>\n<\/div>\n<p>&nbsp;<\/p>\n<h3>Por Que Ir para a Montanha Conosco?<\/h3>\n<p>Buscamos um trato caloroso com o viajante; o companheirismo, a amizade, a divers\u00e3o e o aprendizado sobre o lugar e a montanha s\u00e3o nossa prioridade. Sempre, ao final do dia, haver\u00e1 uma recomenda\u00e7\u00e3o positiva e a lembran\u00e7a de uma experi\u00eancia para toda a vida.<\/p>\n<div class=\"page\" title=\"Page 3\">\n<div class=\"section\">\n<div class=\"layoutArea\">\n<div class=\"column\">\n<p>Temos interesse em crescer e gerar alian\u00e7as que perdurem no tempo. \u00c9 importante para n\u00f3s que do outro lado da linha esteja um amigo. Trabalhamos em equipe, sempre dispostos a escutar, melhorar e, se algo n\u00e3o funciona, mudar.<\/p>\n<blockquote>\n<h5><em><strong>Seu crescimento \u00e9 o nosso, e sua companhia no caminho \u00e9 importante para n\u00f3s.<\/strong><\/em><\/h5>\n<\/blockquote>\n<p>Somos muito meticulosos com a seguran\u00e7a, j\u00e1 que na montanha o risco zero n\u00e3o existe e n\u00e3o deixamos nada ao acaso.<\/p>\n<h5><strong>Convidamos voc\u00ea a ver nossas propostas e nos escrever contando seus interesses e habilidades para decidirmos juntos a sua pr\u00f3xima aventura.<\/strong><\/h5>\n<\/div>\n<\/div>\n<\/div>\n<\/div>\n","protected":false},"excerpt":{"rendered":"<p>Somos uma companhia familiar integrada por Guias de Montanha locais, amantes de esportes ao ar livre. Nascidos e criados em Ushuaia, queremos acompanh\u00e1-lo para conhecer &#8230;<\/p>\n","protected":false},"author":1,"featured_media":410,"parent":0,"menu_order":0,"comment_status":"closed","ping_status":"closed","template":"","meta":{"_acf_changed":false,"footnotes":""},"class_list":["post-2243","page","type-page","status-publish","has-post-thumbnail","hentry"],"acf":[],"_links":{"self":[{"href":"https:\/\/taunushuaia.com.ar\/pt-br\/wp-json\/wp\/v2\/pages\/2243","targetHints":{"allow":["GET"]}}],"collection":[{"href":"https:\/\/taunushuaia.com.ar\/pt-br\/wp-json\/wp\/v2\/pages"}],"about":[{"href":"https:\/\/taunushuaia.com.ar\/pt-br\/wp-json\/wp\/v2\/types\/page"}],"author":[{"embeddable":true,"href":"https:\/\/taunushuaia.com.ar\/pt-br\/wp-json\/wp\/v2\/users\/1"}],"replies":[{"embeddable":true,"href":"https:\/\/taunushuaia.com.ar\/pt-br\/wp-json\/wp\/v2\/comments?post=2243"}],"version-history":[{"count":0,"href":"https:\/\/taunushuaia.com.ar\/pt-br\/wp-json\/wp\/v2\/pages\/2243\/revisions"}],"wp:featuredmedia":[{"embeddable":true,"href":"https:\/\/taunushuaia.com.ar\/pt-br\/wp-json\/wp\/v2\/media\/410"}],"wp:attachment":[{"href":"https:\/\/taunushuaia.com.ar\/pt-br\/wp-json\/wp\/v2\/media?parent=2243"}],"curies":[{"name":"wp","href":"https:\/\/api.w.org\/{rel}","templated":true}]}}