{"id":166,"date":"2024-07-14T23:47:32","date_gmt":"2024-07-14T21:47:32","guid":{"rendered":"https:\/\/taunushuaia.com.ar\/?post_type=product&#038;p=166"},"modified":"2026-03-26T14:52:53","modified_gmt":"2026-03-26T13:52:53","slug":"monte-cinco-hermanos","status":"publish","type":"product","link":"https:\/\/taunushuaia.com.ar\/pt-br\/excursion\/monte-cinco-hermanos\/","title":{"rendered":"Monte Cinco Hermanos"},"content":{"rendered":"<h2>Torre Norte y trepindangas Fueguinas.<\/h2>\n<p><span style=\"font-weight: 400;\">Subimos a la torre norte de uno de los picos emblem\u00e1ticos que rodean la ciudad de Ushuaia. Ese que miras cuando est\u00e1s parado en el centro de la ciudad y pensas yo quiero ir all\u00e1 ARRIBA.<\/span><\/p>\n<p><span style=\"font-weight: 400;\">Salimos de la ciudad de Ushuaia y en 20 minutos de camioneta llegamos al inicio del trekking. Transitamos a pie diferentes ambientes: Valles, bosques, r\u00edos, pedreros rocosos y terreno de monta\u00f1a. Nos podemos encontrar con barro, nieve y hielo en alguna parte del sendero.<\/span><\/p>\n<p>&nbsp;<\/p>\n<p><span style=\"font-weight: 400;\">La parte final es la trepada a la torre nos vamos a poner el equipo t\u00e9cnico de escalada y vamos a trepar usando nuestras manos a nuestro alrededor un ambiente imponente de monta\u00f1a con el\u00a0 Monte Olivia de paisaje y la bah\u00eda de Ushuaia, un paisaje sin duda espectacular. Desde la cumbre sentimos la adrenalina de estar vivo y la vista 360 de la cordillera de Los Andes con sus lagunas de monta\u00f1a y glaciares dan un escenario \u00fanico.<\/span><\/p>\n<p><span style=\"font-weight: 400;\">\u00a0Lo importante no es la cumbre si bien es el objetivo. Lo importante es la confianza con el compa\u00f1ero, la comunicaci\u00f3n de como se siente uno en este terreno, disfrutar, hacer amigos y compartir.<\/span><\/p>\n<p><img loading=\"lazy\" decoding=\"async\" class=\"alignnone wp-image-635 size-full\" src=\"https:\/\/taunushuaia.com.ar\/wp-content\/uploads\/2024\/07\/monte-cinco-hermanos-Taun-Ushuaia-13.jpg\" alt=\"\" width=\"1200\" height=\"800\" srcset=\"https:\/\/taunushuaia.com.ar\/wp-content\/uploads\/2024\/07\/monte-cinco-hermanos-Taun-Ushuaia-13.jpg 1200w, https:\/\/taunushuaia.com.ar\/wp-content\/uploads\/2024\/07\/monte-cinco-hermanos-Taun-Ushuaia-13-300x200.jpg 300w, https:\/\/taunushuaia.com.ar\/wp-content\/uploads\/2024\/07\/monte-cinco-hermanos-Taun-Ushuaia-13-1024x683.jpg 1024w, https:\/\/taunushuaia.com.ar\/wp-content\/uploads\/2024\/07\/monte-cinco-hermanos-Taun-Ushuaia-13-768x512.jpg 768w, https:\/\/taunushuaia.com.ar\/wp-content\/uploads\/2024\/07\/monte-cinco-hermanos-Taun-Ushuaia-13-600x400.jpg 600w\" sizes=\"auto, (max-width: 1200px) 100vw, 1200px\" \/><\/p>\n<p>&nbsp;<\/p>\n<p>EL valor publicado corresponde para salidas de 2 personas.<\/p>\n","protected":false},"excerpt":{"rendered":"<p>Torre Norte y trepindangas Fueguinas. Subimos a la torre norte de uno de los picos emblem\u00e1ticos que rodean la ciudad de Ushuaia. Ese que miras &#8230;<\/p>\n","protected":false},"featured_media":659,"template":"","meta":{"_acf_changed":false},"epoca":[25],"tipo-excursion":[18],"product_brand":[],"product_cat":[15],"product_tag":[],"class_list":{"0":"post-166","1":"product","2":"type-product","3":"status-publish","4":"has-post-thumbnail","6":"tipo-excursion-montanismo","7":"product_cat-sin-categorizar","9":"first","10":"instock","11":"virtual","12":"sold-individually","13":"purchasable","14":"product-type-booking"},"acf":[],"_links":{"self":[{"href":"https:\/\/taunushuaia.com.ar\/pt-br\/wp-json\/wp\/v2\/product\/166","targetHints":{"allow":["GET"]}}],"collection":[{"href":"https:\/\/taunushuaia.com.ar\/pt-br\/wp-json\/wp\/v2\/product"}],"about":[{"href":"https:\/\/taunushuaia.com.ar\/pt-br\/wp-json\/wp\/v2\/types\/product"}],"wp:featuredmedia":[{"embeddable":true,"href":"https:\/\/taunushuaia.com.ar\/pt-br\/wp-json\/wp\/v2\/media\/659"}],"wp:attachment":[{"href":"https:\/\/taunushuaia.com.ar\/pt-br\/wp-json\/wp\/v2\/media?parent=166"}],"wp:term":[{"taxonomy":"epoca","embeddable":true,"href":"https:\/\/taunushuaia.com.ar\/pt-br\/wp-json\/wp\/v2\/epoca?post=166"},{"taxonomy":"tipo-excursion","embeddable":true,"href":"https:\/\/taunushuaia.com.ar\/pt-br\/wp-json\/wp\/v2\/tipo-excursion?post=166"},{"taxonomy":"product_brand","embeddable":true,"href":"https:\/\/taunushuaia.com.ar\/pt-br\/wp-json\/wp\/v2\/product_brand?post=166"},{"taxonomy":"product_cat","embeddable":true,"href":"https:\/\/taunushuaia.com.ar\/pt-br\/wp-json\/wp\/v2\/product_cat?post=166"},{"taxonomy":"product_tag","embeddable":true,"href":"https:\/\/taunushuaia.com.ar\/pt-br\/wp-json\/wp\/v2\/product_tag?post=166"}],"curies":[{"name":"wp","href":"https:\/\/api.w.org\/{rel}","templated":true}]}}