{"id":171,"date":"2024-07-14T23:56:54","date_gmt":"2024-07-14T21:56:54","guid":{"rendered":"https:\/\/taunushuaia.com.ar\/?post_type=product&#038;p=171"},"modified":"2026-03-26T14:52:01","modified_gmt":"2026-03-26T13:52:01","slug":"piramide-del-monte-martial","status":"publish","type":"product","link":"https:\/\/taunushuaia.com.ar\/pt-br\/excursion\/piramide-del-monte-martial\/","title":{"rendered":"Pir\u00e1mide del Monte Martial"},"content":{"rendered":"<p><span style=\"font-weight: 400;\">Salida de iniciaci\u00f3n al monta\u00f1ismo al Monte Martial en Ushuaia\u00a0<\/span><\/p>\n<p><span style=\"font-weight: 400;\">\u00bf Conoc\u00edas La Pir\u00e1mide del Monte Martial ?\u00a0 <\/span><\/p>\n<p><span style=\"font-weight: 400;\">Una salida de iniciaci\u00f3n al monta\u00f1ismo, pensada para aquellos que hicieron trekking y ahora quieren llegar a la parte alta de la monta\u00f1a para ver todo desde arriba. La pir\u00e1mide ofrece un escenario completo subir una monta\u00f1a y que a tus pies la vista sea el mar no sucede en muchas partes del mundo.\u00a0<\/span><\/p>\n<p><span style=\"font-weight: 400;\">\u00a0La cumbre nos regala una vista 360\u00ba de la Cordillera de Los Andes el canal Beagle las islas chilenas y la cordillera Darwin.\u00a0<\/span><\/p>\n<p><span style=\"font-weight: 400;\">Salimos de la base de un viejo centro de esqu\u00ed situado a tan solo 15 minutos en camioneta. Despu\u00e9s de poco recorrido de caminata dejamos atr\u00e1s la zona de bosque. Seguimos camino en terreno de roca rodeados por monta\u00f1as, pasamos a los pies del glaciar Martial y encaramos nuestro ultimo tramo de subida que presenta terreno de 30\u00ba de inclinaci\u00f3n generalmente suele ser una rampa de nieve hielo o roca dependiendo la \u00e9poca de a\u00f1o que se transite. Llevamos el equipo t\u00e9cnico necesario y durante la actividad te vamos a ense\u00f1ar las t\u00e9cnicas de ascenso y progresi\u00f3n.<\/span><\/p>\n<p><span style=\"font-weight: 400;\">Somos gu\u00edas de monta\u00f1a locales de Ushuaia<\/p>\n<p>El Valor publicado corresponde\u00a0 para una salida con un m\u00ednimo de 2 personas.<\/span><\/p>\n","protected":false},"excerpt":{"rendered":"<p>Salida de iniciaci\u00f3n al monta\u00f1ismo al Monte Martial en Ushuaia\u00a0 \u00bf Conoc\u00edas La Pir\u00e1mide del Monte Martial ?\u00a0 Una salida de iniciaci\u00f3n al monta\u00f1ismo, pensada &#8230;<\/p>\n","protected":false},"featured_media":668,"template":"","meta":{"_acf_changed":false},"epoca":[25],"tipo-excursion":[18],"product_brand":[],"product_cat":[15],"product_tag":[],"class_list":{"0":"post-171","1":"product","2":"type-product","3":"status-publish","4":"has-post-thumbnail","6":"tipo-excursion-montanismo","7":"product_cat-sin-categorizar","9":"first","10":"instock","11":"virtual","12":"sold-individually","13":"purchasable","14":"product-type-booking"},"acf":[],"_links":{"self":[{"href":"https:\/\/taunushuaia.com.ar\/pt-br\/wp-json\/wp\/v2\/product\/171","targetHints":{"allow":["GET"]}}],"collection":[{"href":"https:\/\/taunushuaia.com.ar\/pt-br\/wp-json\/wp\/v2\/product"}],"about":[{"href":"https:\/\/taunushuaia.com.ar\/pt-br\/wp-json\/wp\/v2\/types\/product"}],"wp:featuredmedia":[{"embeddable":true,"href":"https:\/\/taunushuaia.com.ar\/pt-br\/wp-json\/wp\/v2\/media\/668"}],"wp:attachment":[{"href":"https:\/\/taunushuaia.com.ar\/pt-br\/wp-json\/wp\/v2\/media?parent=171"}],"wp:term":[{"taxonomy":"epoca","embeddable":true,"href":"https:\/\/taunushuaia.com.ar\/pt-br\/wp-json\/wp\/v2\/epoca?post=171"},{"taxonomy":"tipo-excursion","embeddable":true,"href":"https:\/\/taunushuaia.com.ar\/pt-br\/wp-json\/wp\/v2\/tipo-excursion?post=171"},{"taxonomy":"product_brand","embeddable":true,"href":"https:\/\/taunushuaia.com.ar\/pt-br\/wp-json\/wp\/v2\/product_brand?post=171"},{"taxonomy":"product_cat","embeddable":true,"href":"https:\/\/taunushuaia.com.ar\/pt-br\/wp-json\/wp\/v2\/product_cat?post=171"},{"taxonomy":"product_tag","embeddable":true,"href":"https:\/\/taunushuaia.com.ar\/pt-br\/wp-json\/wp\/v2\/product_tag?post=171"}],"curies":[{"name":"wp","href":"https:\/\/api.w.org\/{rel}","templated":true}]}}