{"id":1868,"date":"2024-08-10T17:29:34","date_gmt":"2024-08-10T15:29:34","guid":{"rendered":"https:\/\/taunushuaia.com.ar\/excursion\/glaciar-vinciguerra\/"},"modified":"2025-07-11T21:40:40","modified_gmt":"2025-07-11T19:40:40","slug":"glaciar-vinciguerra","status":"publish","type":"product","link":"https:\/\/taunushuaia.com.ar\/pt-br\/excursion\/glaciar-vinciguerra\/","title":{"rendered":"Trilha ao Glaciar Vinciguerra"},"content":{"rendered":"<h3><span style=\"font-weight: 400\">\u00a1Visite as cavernas de gelo!<\/span><\/h3>\n<p>Subir at\u00e9 a parte alta da montanha para visitar um glaciar milenar \u00e9 uma experi\u00eancia que voc\u00ea n\u00e3o pode perder se vier ao fim do mundo. Os glaciares est\u00e3o em retrocesso e n\u00e3o vai demorar muito at\u00e9 que desapare\u00e7am. Nos sentimos sortudos por poder visit\u00e1-los e n\u00e3o queremos que voc\u00ea perca essa oportunidade.<\/p>\n<p>Te convidamos a caminhar sobre o glaciar, observar suas fendas e sumidouros, e entrar em uma caverna de gelo. \u00c9 preciso levar em conta que o glaciar est\u00e1 retrocedendo constantemente, por isso os lugares que se veem v\u00e3o mudando e derretendo. Ent\u00e3o, se voc\u00ea tiver d\u00favidas sobre o que pode ser visto, consulte-nos.<\/p>\n<hr>\n<p><img loading=\"lazy\" decoding=\"async\" class=\"aligncenter wp-image-242 size-large\" src=\"https:\/\/taunushuaia.com.ar\/wp-content\/uploads\/2024\/07\/Trekking-Glaciar-Vinciguerra-Taun-Ushuaia-2-1024x683.jpg\" alt=\"\" width=\"1024\" height=\"683\" srcset=\"https:\/\/taunushuaia.com.ar\/wp-content\/uploads\/2024\/07\/Trekking-Glaciar-Vinciguerra-Taun-Ushuaia-2-1024x683.jpg 1024w, https:\/\/taunushuaia.com.ar\/wp-content\/uploads\/2024\/07\/Trekking-Glaciar-Vinciguerra-Taun-Ushuaia-2-300x200.jpg 300w, https:\/\/taunushuaia.com.ar\/wp-content\/uploads\/2024\/07\/Trekking-Glaciar-Vinciguerra-Taun-Ushuaia-2-768x512.jpg 768w, https:\/\/taunushuaia.com.ar\/wp-content\/uploads\/2024\/07\/Trekking-Glaciar-Vinciguerra-Taun-Ushuaia-2-600x400.jpg 600w, https:\/\/taunushuaia.com.ar\/wp-content\/uploads\/2024\/07\/Trekking-Glaciar-Vinciguerra-Taun-Ushuaia-2.jpg 1200w\" sizes=\"auto, (max-width: 1024px) 100vw, 1024px\" \/><\/p>\n<hr>\n<p>Come\u00e7amos a caminhada no Vale de Andorra, caminharemos por uma turfeira e contornaremos o rio. Esses \u00e1reas \u00famidas hoje s\u00e3o locais RAMSAR, ambientes protegidos a n\u00edvel internacional. Aqui aprendemos a interpretar o lugar e seu entorno, sendo privilegiados por estar l\u00e1 e sermos protagonistas.<\/p>\n<p>&nbsp;<\/p>\n<p>Ao entrar na floresta nativa Andino-Patag\u00f4nica come\u00e7a a subida, onde se combinam inclina\u00e7\u00f5es fortes com trechos planos. O terreno \u00e9 de montanha, ent\u00e3o, dependendo do clima, a trilha pode estar com lama, neve ou seca.<\/p>\n<hr>\n<p>A floresta nos conta a hist\u00f3ria dos lenhadores que, d\u00e9cadas atr\u00e1s, exploravam o lugar e seus recursos. A subida dura 2h30 e \u00e9 importante manter um ritmo constante.<\/p>\n<p>&nbsp;<\/p>\n<p>Sa\u00edmos da floresta e nos resta a \u00faltima subida \u00edngreme que nos leva \u00e0 Laguna dos T\u00e9mpanos. J\u00e1 imersos em um ambiente de montanha, onde os picos nevados e o glaciar ao fundo s\u00e3o protagonistas, nos sentiremos impactados pelo espet\u00e1culo da natureza que se apresenta diante dos nossos olhos.<\/p>\n<p>&nbsp;<\/p>\n<p>Compartilhamos um delicioso almo\u00e7o, boas conversas e vistas espetaculares, para depois voltar pelo mesmo caminho. A trilha dura o dia todo e a dificuldade \u00e9 n\u00edvel m\u00e9dio, por isso \u00e9 necess\u00e1rio ter uma boa condi\u00e7\u00e3o f\u00edsica. N\u00e3o \u00e9 importante caminhar r\u00e1pido, mas sim manter um ritmo constante e cont\u00ednuo para chegar ao destino e poder voltar.<\/p>\n<p>&nbsp;<\/p>\n<p><em><strong>Mini trilha sobre o glaciar: atividade dispon\u00edvel durante a temporada de ver\u00e3o.<\/strong><\/em><\/p>\n<p>&nbsp;<\/p>\n","protected":false},"excerpt":{"rendered":"<p>Visite suas cavernas de gelo.<\/p>\n","protected":false},"featured_media":988,"template":"","meta":{"_acf_changed":false},"epoca":[25],"tipo-excursion":[16,34],"product_brand":[],"product_cat":[80],"product_tag":[81,82,83,84],"class_list":{"0":"post-1868","1":"product","2":"type-product","3":"status-publish","4":"has-post-thumbnail","6":"tipo-excursion-trekking-glaciar","7":"tipo-excursion-trekking-por-el-dia","8":"product_cat-sin-categorizar-pt-br","9":"product_tag-cuevas-pt-br","10":"product_tag-trekking-pt-br","11":"product_tag-ushuaia-pt-br","12":"product_tag-vinciguerra-pt-br","14":"first","15":"instock","16":"virtual","17":"sold-individually","18":"purchasable","19":"product-type-booking"},"acf":[],"_links":{"self":[{"href":"https:\/\/taunushuaia.com.ar\/pt-br\/wp-json\/wp\/v2\/product\/1868","targetHints":{"allow":["GET"]}}],"collection":[{"href":"https:\/\/taunushuaia.com.ar\/pt-br\/wp-json\/wp\/v2\/product"}],"about":[{"href":"https:\/\/taunushuaia.com.ar\/pt-br\/wp-json\/wp\/v2\/types\/product"}],"wp:featuredmedia":[{"embeddable":true,"href":"https:\/\/taunushuaia.com.ar\/pt-br\/wp-json\/wp\/v2\/media\/988"}],"wp:attachment":[{"href":"https:\/\/taunushuaia.com.ar\/pt-br\/wp-json\/wp\/v2\/media?parent=1868"}],"wp:term":[{"taxonomy":"epoca","embeddable":true,"href":"https:\/\/taunushuaia.com.ar\/pt-br\/wp-json\/wp\/v2\/epoca?post=1868"},{"taxonomy":"tipo-excursion","embeddable":true,"href":"https:\/\/taunushuaia.com.ar\/pt-br\/wp-json\/wp\/v2\/tipo-excursion?post=1868"},{"taxonomy":"product_brand","embeddable":true,"href":"https:\/\/taunushuaia.com.ar\/pt-br\/wp-json\/wp\/v2\/product_brand?post=1868"},{"taxonomy":"product_cat","embeddable":true,"href":"https:\/\/taunushuaia.com.ar\/pt-br\/wp-json\/wp\/v2\/product_cat?post=1868"},{"taxonomy":"product_tag","embeddable":true,"href":"https:\/\/taunushuaia.com.ar\/pt-br\/wp-json\/wp\/v2\/product_tag?post=1868"}],"curies":[{"name":"wp","href":"https:\/\/api.w.org\/{rel}","templated":true}]}}