{"id":1880,"date":"2024-08-07T16:27:49","date_gmt":"2024-08-07T14:27:49","guid":{"rendered":"https:\/\/taunushuaia.com.ar\/excursion\/glaciar-ojo-del-albino\/"},"modified":"2025-07-11T22:05:27","modified_gmt":"2025-07-11T20:05:27","slug":"glaciar-ojo-del-albino","status":"publish","type":"product","link":"https:\/\/taunushuaia.com.ar\/pt-br\/excursion\/glaciar-ojo-del-albino\/","title":{"rendered":"Glaciar Ojo del Albino"},"content":{"rendered":"<p>O glaciar Ojo del Albino est\u00e1 localizado na Serra Alvear, situado na parte alta da montanha. Convidamos voc\u00eas a irem em busca da sua bela lagoa verde de degelo, onde atr\u00e1s, imponente, se ergue a parede do glaciar com cerca de 20 metros de altura e v\u00e1rios quil\u00f4metros de plan\u00edcie atr\u00e1s. O momento em que se chega e v\u00ea este lugar nos faz sentir vivos e afortunados.<\/p>\n<p><img loading=\"lazy\" decoding=\"async\" class=\"aligncenter wp-image-233 size-large\" src=\"https:\/\/taunushuaia.com.ar\/wp-content\/uploads\/2024\/07\/Glaciar-Ojo-del-Albino-taun-ushuaia11-1024x683.jpg\" alt=\"\" width=\"1024\" height=\"683\" srcset=\"https:\/\/taunushuaia.com.ar\/wp-content\/uploads\/2024\/07\/Glaciar-Ojo-del-Albino-taun-ushuaia11-1024x683.jpg 1024w, https:\/\/taunushuaia.com.ar\/wp-content\/uploads\/2024\/07\/Glaciar-Ojo-del-Albino-taun-ushuaia11-300x200.jpg 300w, https:\/\/taunushuaia.com.ar\/wp-content\/uploads\/2024\/07\/Glaciar-Ojo-del-Albino-taun-ushuaia11-768x512.jpg 768w, https:\/\/taunushuaia.com.ar\/wp-content\/uploads\/2024\/07\/Glaciar-Ojo-del-Albino-taun-ushuaia11-600x400.jpg 600w, https:\/\/taunushuaia.com.ar\/wp-content\/uploads\/2024\/07\/Glaciar-Ojo-del-Albino-taun-ushuaia11.jpg 1200w\" sizes=\"auto, (max-width: 1024px) 100vw, 1024px\" \/><\/p>\n<p><em><strong>ITINERARIO<\/strong><\/em><\/p>\n<p>Come\u00e7amos a caminhada no Vale de Tierra Mayor, e atravessando florestas nativas e turfeiras, chegamos \u00e0 famosa Lagoa Esmeralda. Esta \u00e9 nossa primeira parada ap\u00f3s uma hora de caminhada, onde faremos uma pausa de alguns minutos para contemplar esse belo cen\u00e1rio.<br \/>\nDepois da lagoa, come\u00e7a a subida; nos afastamos da \u00e1rea da floresta e come\u00e7amos a escalada por terreno rochoso. Esta \u00e9 a parte mais exigente, pois a subida continua por cerca de tr\u00eas horas. As montanhas que cercam o lugar s\u00e3o muito imponentes; a Cordilheira dos Andes com seus grandiosos picos nos faz sentir pequenos.<br \/>\nContinuando pela trilha e passando entre incomuns pared\u00f5es laranja, chegamos a um mirante natural onde se v\u00ea a Lagoa Esmeralda l\u00e1 embaixo e, ao longe, um espet\u00e1culo da natureza.<\/p>\n<p>A partir deste ponto, resta a \u00faltima escalada. Dependendo da \u00e9poca do ano, aqui teremos alguns trechos onde usaremos as m\u00e3os, usaremos capacete e o equipamento adequado.<br \/>\nO guia estar\u00e1 sempre atento, acompanhando o grupo.<\/p>\n<p>Chegamos! Depois de quatro horas e meia de ritmo constante e intenso, somos surpreendidos pela parede frontal do glaciar com seus 20 metros de altura, sua lagoa verde de degelo e seu ambiente \u00fanico. Neste trekking, a recompensa pelo esfor\u00e7o est\u00e1 garantida.<br \/>\nNo inverno, a lagoa congela e fica coberta de neve, ent\u00e3o \u00e9 poss\u00edvel caminhar at\u00e9 a parede de gelo.<br \/>\nCompartilhamos um delicioso almo\u00e7o, boas conversas e vistas espetaculares, para depois retornar pelo mesmo caminho.<br \/>\nPara este trekking de alta dificuldade, \u00e9 necess\u00e1ria uma condi\u00e7\u00e3o f\u00edsica muito boa, pensado para aqueles que mant\u00eam um treinamento f\u00edsico e gostam de desafios.<\/p>\n<p><strong>Mini trilha sobre o glaciar: atividade dispon\u00edvel durante a temporada de ver\u00e3o.<\/strong><\/p>\n","protected":false},"excerpt":{"rendered":"<p>O glaciar Ojo del Albino est\u00e1 localizado na Serra Alvear, situado na parte alta da montanha. Convidamos voc\u00eas a irem em busca da sua bela &#8230;<\/p>\n","protected":false},"featured_media":865,"template":"","meta":{"_acf_changed":false},"epoca":[25],"tipo-excursion":[16],"product_brand":[],"product_cat":[80],"product_tag":[],"class_list":{"0":"post-1880","1":"product","2":"type-product","3":"status-publish","4":"has-post-thumbnail","6":"tipo-excursion-trekking-glaciar","7":"product_cat-sin-categorizar-pt-br","9":"first","10":"instock","11":"virtual","12":"sold-individually","13":"purchasable","14":"product-type-booking"},"acf":[],"_links":{"self":[{"href":"https:\/\/taunushuaia.com.ar\/pt-br\/wp-json\/wp\/v2\/product\/1880","targetHints":{"allow":["GET"]}}],"collection":[{"href":"https:\/\/taunushuaia.com.ar\/pt-br\/wp-json\/wp\/v2\/product"}],"about":[{"href":"https:\/\/taunushuaia.com.ar\/pt-br\/wp-json\/wp\/v2\/types\/product"}],"wp:featuredmedia":[{"embeddable":true,"href":"https:\/\/taunushuaia.com.ar\/pt-br\/wp-json\/wp\/v2\/media\/865"}],"wp:attachment":[{"href":"https:\/\/taunushuaia.com.ar\/pt-br\/wp-json\/wp\/v2\/media?parent=1880"}],"wp:term":[{"taxonomy":"epoca","embeddable":true,"href":"https:\/\/taunushuaia.com.ar\/pt-br\/wp-json\/wp\/v2\/epoca?post=1880"},{"taxonomy":"tipo-excursion","embeddable":true,"href":"https:\/\/taunushuaia.com.ar\/pt-br\/wp-json\/wp\/v2\/tipo-excursion?post=1880"},{"taxonomy":"product_brand","embeddable":true,"href":"https:\/\/taunushuaia.com.ar\/pt-br\/wp-json\/wp\/v2\/product_brand?post=1880"},{"taxonomy":"product_cat","embeddable":true,"href":"https:\/\/taunushuaia.com.ar\/pt-br\/wp-json\/wp\/v2\/product_cat?post=1880"},{"taxonomy":"product_tag","embeddable":true,"href":"https:\/\/taunushuaia.com.ar\/pt-br\/wp-json\/wp\/v2\/product_tag?post=1880"}],"curies":[{"name":"wp","href":"https:\/\/api.w.org\/{rel}","templated":true}]}}