{"id":1883,"date":"2024-08-06T17:21:11","date_gmt":"2024-08-06T15:21:11","guid":{"rendered":"https:\/\/taunushuaia.com.ar\/excursion\/trekking-noturno-ao-monte-susana\/"},"modified":"2024-08-06T17:21:11","modified_gmt":"2024-08-06T15:21:11","slug":"trekking-noturno-ao-monte-susana","status":"publish","type":"product","link":"https:\/\/taunushuaia.com.ar\/pt-br\/excursion\/trekking-noturno-ao-monte-susana\/","title":{"rendered":"Trekking Noturno ao Monte Susana"},"content":{"rendered":"<p><span style=\"font-weight: 400\">Caminhada noturna: sa\u00edmos com a luz do entardecer para esperar o nascer da lua cheia, em um lugar c\u00eanico no meio da natureza. Voltamos \u00e0 noite caminhando com lanternas. <\/span><\/p>\n<p>&nbsp;<\/p>\n<p><span style=\"font-weight: 400\">Essa trilha \u00e9 bem completa para aqueles que querem tudo sem se exigir demais. Embora esteja entre as trilhas f\u00e1ceis, tem um n\u00edvel m\u00e9dio porque mant\u00e9m uma subida constante por aclives at\u00e9 o mirante. <\/span><\/p>\n<p><img loading=\"lazy\" decoding=\"async\" class=\"aligncenter wp-image-587 size-large\" src=\"https:\/\/taunushuaia.com.ar\/wp-content\/uploads\/2024\/07\/monte-Susana-Taun-Ushuaia-2-1024x683.jpg\" alt=\"\" width=\"1024\" height=\"683\" srcset=\"https:\/\/taunushuaia.com.ar\/wp-content\/uploads\/2024\/07\/monte-Susana-Taun-Ushuaia-2-1024x683.jpg 1024w, https:\/\/taunushuaia.com.ar\/wp-content\/uploads\/2024\/07\/monte-Susana-Taun-Ushuaia-2-300x200.jpg 300w, https:\/\/taunushuaia.com.ar\/wp-content\/uploads\/2024\/07\/monte-Susana-Taun-Ushuaia-2-768x512.jpg 768w, https:\/\/taunushuaia.com.ar\/wp-content\/uploads\/2024\/07\/monte-Susana-Taun-Ushuaia-2-600x400.jpg 600w, https:\/\/taunushuaia.com.ar\/wp-content\/uploads\/2024\/07\/monte-Susana-Taun-Ushuaia-2.jpg 1200w\" sizes=\"auto, (max-width: 1024px) 100vw, 1024px\" \/><\/p>\n<p><span style=\"font-weight: 400\">Atravessaremos florestas nativas caracter\u00edsticas das nossas costas, poderemos observar o Canal Beagle e chegar a um ponto panor\u00e2mico que vai te deixar de queixo ca\u00eddo. Uma vista impressionante da cidade de Ushuaia iluminada, cercada pelas montanhas e pelo Canal Beagle com suas ilhas.<\/span><\/p>\n<p>&nbsp;<\/p>\n<p><span style=\"font-weight: 400\">Com tudo isso, voc\u00ea poder\u00e1 se deleitar como recompensa depois de seu pequeno esfor\u00e7o at\u00e9 o mirante. Uma vez l\u00e1, vamos tirar um tempo para compartilhar algo quente e gostoso e observar esse momento m\u00e1gico sob a luz da lua cheia ou de uma noite estrelada. Na volta, j\u00e1 \u00e0 noite com lanternas, voc\u00ea vai experimentar a sensa\u00e7\u00e3o de estar dentro da floresta e da natureza de uma forma diferente da que j\u00e1 conhece.<\/span><\/p>\n","protected":false},"excerpt":{"rendered":"<p>P\u00f4steres \u00e9picos de Ushuaia, da montanha e do mar.<\/p>\n","protected":false},"featured_media":598,"template":"","meta":{"_acf_changed":false},"epoca":[25],"tipo-excursion":[34],"product_brand":[],"product_cat":[80],"product_tag":[],"class_list":{"0":"post-1883","1":"product","2":"type-product","3":"status-publish","4":"has-post-thumbnail","6":"tipo-excursion-trekking-por-el-dia","7":"product_cat-sin-categorizar-pt-br","9":"first","10":"instock","11":"virtual","12":"sold-individually","13":"purchasable","14":"product-type-booking"},"acf":[],"_links":{"self":[{"href":"https:\/\/taunushuaia.com.ar\/pt-br\/wp-json\/wp\/v2\/product\/1883","targetHints":{"allow":["GET"]}}],"collection":[{"href":"https:\/\/taunushuaia.com.ar\/pt-br\/wp-json\/wp\/v2\/product"}],"about":[{"href":"https:\/\/taunushuaia.com.ar\/pt-br\/wp-json\/wp\/v2\/types\/product"}],"wp:featuredmedia":[{"embeddable":true,"href":"https:\/\/taunushuaia.com.ar\/pt-br\/wp-json\/wp\/v2\/media\/598"}],"wp:attachment":[{"href":"https:\/\/taunushuaia.com.ar\/pt-br\/wp-json\/wp\/v2\/media?parent=1883"}],"wp:term":[{"taxonomy":"epoca","embeddable":true,"href":"https:\/\/taunushuaia.com.ar\/pt-br\/wp-json\/wp\/v2\/epoca?post=1883"},{"taxonomy":"tipo-excursion","embeddable":true,"href":"https:\/\/taunushuaia.com.ar\/pt-br\/wp-json\/wp\/v2\/tipo-excursion?post=1883"},{"taxonomy":"product_brand","embeddable":true,"href":"https:\/\/taunushuaia.com.ar\/pt-br\/wp-json\/wp\/v2\/product_brand?post=1883"},{"taxonomy":"product_cat","embeddable":true,"href":"https:\/\/taunushuaia.com.ar\/pt-br\/wp-json\/wp\/v2\/product_cat?post=1883"},{"taxonomy":"product_tag","embeddable":true,"href":"https:\/\/taunushuaia.com.ar\/pt-br\/wp-json\/wp\/v2\/product_tag?post=1883"}],"curies":[{"name":"wp","href":"https:\/\/api.w.org\/{rel}","templated":true}]}}