{"id":1884,"date":"2024-08-05T17:32:25","date_gmt":"2024-08-05T15:32:25","guid":{"rendered":"https:\/\/taunushuaia.com.ar\/excursion\/atravessando-a-cordilheira\/"},"modified":"2024-08-05T17:32:25","modified_gmt":"2024-08-05T15:32:25","slug":"atravessando-a-cordilheira","status":"publish","type":"product","link":"https:\/\/taunushuaia.com.ar\/pt-br\/excursion\/atravessando-a-cordilheira\/","title":{"rendered":"Atravessando a Cordilheira"},"content":{"rendered":"<h2><span style=\"font-weight: 400\">Caminhada e Packraft no Lago Escondido. <\/span><\/h2>\n<p><span style=\"font-weight: 400\">Sa\u00edmos de van da cidade de Ushuaia. Percorremos a RN 3 e passamos pelo Vale de Tierra Mayor at\u00e9 chegar \u00e0 \u00e1rea do Paso Garibaldi. Durante os 50 minutos de viagem, teremos uma conversa agrad\u00e1vel sobre a hist\u00f3ria, cultura e paisagens do local. Recomendamos levar mate e ficar confort\u00e1vel. Ao chegar no Paso, faremos uma pausa e nos prepararemos para a caminhada.     <\/span><\/p>\n<p><span style=\"font-weight: 400\">A caminhada dura 3 horas ida e volta. De dificuldade f\u00e1cil, s\u00e3o 4 km, mas com trechos de subida, terreno montanhoso, pedras, turfa, lama e aventura.  <\/span><\/p>\n<p><span style=\"font-weight: 400\">O percurso \u00e9 muito bonito, as vistas da cordilheira do alto da montanha s\u00e3o espetaculares. Passaremos o limite da vegeta\u00e7\u00e3o e chegaremos \u00e0 \u00e1rea das lagoas g\u00eameas, duas lagoas de montanha. Continuamos caminhando at\u00e9 uns terra\u00e7os de pedra com vistas para os lagos Escondido e Fagnano. <\/span><\/p>\n<p><span style=\"font-weight: 400\">No ponto mais alto, compartilharemos uma bebida quente, um alfajor delicioso e lanche para a caminhada. Com o cora\u00e7\u00e3o cheio e o est\u00f4mago aquecido, voltaremos para a van para seguir at\u00e9 o Lago Escondido, a apenas 15 minutos, onde almo\u00e7aremos um guisado de montanha quente enquanto preparamos os barcos e remos.  <\/span><\/p>\n<p><span style=\"font-weight: 400\">Os barcos s\u00e3o individuais ou duplos, muito est\u00e1veis e f\u00e1ceis de conduzir. A travessia dura uma hora. A inten\u00e7\u00e3o \u00e9 conhecer e conectar-se com a \u00e1gua e o ambiente ao redor.    <\/span><\/p>\n<p><img loading=\"lazy\" decoding=\"async\" class=\"aligncenter wp-image-208 size-full\" src=\"https:\/\/taunushuaia.com.ar\/wp-content\/uploads\/2024\/07\/Cruzando-la-cordillera-taun9.jpg\" alt=\"\" width=\"1200\" height=\"800\" srcset=\"https:\/\/taunushuaia.com.ar\/wp-content\/uploads\/2024\/07\/Cruzando-la-cordillera-taun9.jpg 1200w, https:\/\/taunushuaia.com.ar\/wp-content\/uploads\/2024\/07\/Cruzando-la-cordillera-taun9-300x200.jpg 300w, https:\/\/taunushuaia.com.ar\/wp-content\/uploads\/2024\/07\/Cruzando-la-cordillera-taun9-1024x683.jpg 1024w, https:\/\/taunushuaia.com.ar\/wp-content\/uploads\/2024\/07\/Cruzando-la-cordillera-taun9-768x512.jpg 768w, https:\/\/taunushuaia.com.ar\/wp-content\/uploads\/2024\/07\/Cruzando-la-cordillera-taun9-600x400.jpg 600w\" sizes=\"auto, (max-width: 1200px) 100vw, 1200px\" \/><\/p>\n<p><span style=\"font-weight: 400\">Se as condi\u00e7\u00f5es clim\u00e1ticas forem dif\u00edceis, seja por vento ou chuva, mudaremos para outra atividade de caminhada. <\/span><\/p>\n<p><span style=\"font-weight: 400\">Visitaremos a cachoeira V\u00e9u da Noiva na regi\u00e3o do rio Olivia, com uma caminhada total de uma hora. Caminharemos pela floresta, veremos duas quedas d&#8217;\u00e1gua entre as pedras e poderemos nos posicionar atr\u00e1s de uma delas para sentir a for\u00e7a da \u00e1gua. A caminhada \u00e9 f\u00e1cil, mas com subidas \u00edngremes em alguns trechos.  <\/span><\/p>\n<p><span style=\"font-weight: 400\">Temporada: o ano todo. No inverno, com raquetes de neve ou gramp\u00f5es.<\/span><\/p>\n<p>Atravessa a Cordilheira dos Andes com uma caminhada no alto da montanha, sem dificuldades, e maravilhe-se com as vistas espetaculares dos lagos Escondido e Fagnano. Packraft no Lago Escondido, remando por uma hora em barcos super est\u00e1veis e divertidos. Se n\u00e3o for poss\u00edvel remar por causa do clima, h\u00e1 um plano B. Tamb\u00e9m conheceremos a cachoeira V\u00e9u da Noiva com uma bela caminhada.    <\/p>\n","protected":false},"excerpt":{"rendered":"<p>Caminhada e Packraft no Lago Escondido. Sa\u00edmos de van da cidade de Ushuaia. Percorremos a RN 3 e passamos pelo Vale de Tierra Mayor at\u00e9 &#8230;<\/p>\n","protected":false},"featured_media":420,"template":"","meta":{"_acf_changed":false},"epoca":[25],"tipo-excursion":[34],"product_brand":[],"product_cat":[80],"product_tag":[],"class_list":{"0":"post-1884","1":"product","2":"type-product","3":"status-publish","4":"has-post-thumbnail","6":"tipo-excursion-trekking-por-el-dia","7":"product_cat-sin-categorizar-pt-br","9":"first","10":"instock","11":"virtual","12":"sold-individually","13":"purchasable","14":"product-type-booking"},"acf":[],"_links":{"self":[{"href":"https:\/\/taunushuaia.com.ar\/pt-br\/wp-json\/wp\/v2\/product\/1884","targetHints":{"allow":["GET"]}}],"collection":[{"href":"https:\/\/taunushuaia.com.ar\/pt-br\/wp-json\/wp\/v2\/product"}],"about":[{"href":"https:\/\/taunushuaia.com.ar\/pt-br\/wp-json\/wp\/v2\/types\/product"}],"wp:featuredmedia":[{"embeddable":true,"href":"https:\/\/taunushuaia.com.ar\/pt-br\/wp-json\/wp\/v2\/media\/420"}],"wp:attachment":[{"href":"https:\/\/taunushuaia.com.ar\/pt-br\/wp-json\/wp\/v2\/media?parent=1884"}],"wp:term":[{"taxonomy":"epoca","embeddable":true,"href":"https:\/\/taunushuaia.com.ar\/pt-br\/wp-json\/wp\/v2\/epoca?post=1884"},{"taxonomy":"tipo-excursion","embeddable":true,"href":"https:\/\/taunushuaia.com.ar\/pt-br\/wp-json\/wp\/v2\/tipo-excursion?post=1884"},{"taxonomy":"product_brand","embeddable":true,"href":"https:\/\/taunushuaia.com.ar\/pt-br\/wp-json\/wp\/v2\/product_brand?post=1884"},{"taxonomy":"product_cat","embeddable":true,"href":"https:\/\/taunushuaia.com.ar\/pt-br\/wp-json\/wp\/v2\/product_cat?post=1884"},{"taxonomy":"product_tag","embeddable":true,"href":"https:\/\/taunushuaia.com.ar\/pt-br\/wp-json\/wp\/v2\/product_tag?post=1884"}],"curies":[{"name":"wp","href":"https:\/\/api.w.org\/{rel}","templated":true}]}}