{"id":2241,"date":"2024-08-09T23:57:24","date_gmt":"2024-08-09T21:57:24","guid":{"rendered":"https:\/\/taunushuaia.com.ar\/excursion\/packrafting-rio-olivia\/"},"modified":"2024-08-09T23:57:24","modified_gmt":"2024-08-09T21:57:24","slug":"packrafting-rio-olivia","status":"publish","type":"product","link":"https:\/\/taunushuaia.com.ar\/pt-br\/excursion\/packrafting-rio-olivia\/","title":{"rendered":"Packrafting Rio Olivia"},"content":{"rendered":"<p><span style=\"font-weight: 400\">Em uma sa\u00edda de meio dia, que combina trilha (trekking) com remada, voc\u00ea desfrutar\u00e1 de toda a emo\u00e7\u00e3o de um rio meandrante cercado por turfeiras, onde a cada curva a paisagem surpreende imponente com seus picos nevados e geleiras, um ambiente m\u00e1gico da Cordilheira dos Andes.<\/span><\/p>\n<p><span style=\"font-weight: 400\">Pensado para aqueles que querem se divertir, compartilhar e se deixar levar pela \u00e1gua. N\u00e3o \u00e9 necess\u00e1ria experi\u00eancia pr\u00e9via, mas sim uma condi\u00e7\u00e3o f\u00edsica m\u00ednima e um esp\u00edrito aventureiro. Os botes s\u00e3o individuais e muito est\u00e1veis, o que torna a experi\u00eancia prazerosa.  <\/span><\/p>\n<p><img loading=\"lazy\" decoding=\"async\" class=\"aligncenter wp-image-240 size-large\" src=\"https:\/\/taunushuaia.com.ar\/wp-content\/uploads\/2024\/07\/Packrafting-Rio-Olivia-tan-ushuaia5-1024x683.jpg\" alt=\"\" width=\"1024\" height=\"683\" srcset=\"https:\/\/taunushuaia.com.ar\/wp-content\/uploads\/2024\/07\/Packrafting-Rio-Olivia-tan-ushuaia5-1024x683.jpg 1024w, https:\/\/taunushuaia.com.ar\/wp-content\/uploads\/2024\/07\/Packrafting-Rio-Olivia-tan-ushuaia5-300x200.jpg 300w, https:\/\/taunushuaia.com.ar\/wp-content\/uploads\/2024\/07\/Packrafting-Rio-Olivia-tan-ushuaia5-768x512.jpg 768w, https:\/\/taunushuaia.com.ar\/wp-content\/uploads\/2024\/07\/Packrafting-Rio-Olivia-tan-ushuaia5-600x400.jpg 600w, https:\/\/taunushuaia.com.ar\/wp-content\/uploads\/2024\/07\/Packrafting-Rio-Olivia-tan-ushuaia5.jpg 1200w\" sizes=\"auto, (max-width: 1024px) 100vw, 1024px\" \/><\/p>\n<p><span style=\"font-weight: 400\">No in\u00edcio da atividade, daremos a cada um uma mochila com o bote infl\u00e1vel, que \u00e9 leve, compacto e f\u00e1cil de transportar, pesando no total 6 kg. A trilha \u00e9 de baixa intensidade e dura 40 minutos. <\/span><\/p>\n<p><span style=\"font-weight: 400\">Durante a caminhada, cruzamos por bosques e turfeiras, esp\u00e9cies nativas da Terra do Fogo. Chegamos \u00e0 Laguna Mariposa (Lagoa Borboleta), onde, antes de entrar na \u00e1gua, vamos inflar os botes e nos preparar. Com todo o equipamento pronto, teremos uma conversa informativa sobre seguran\u00e7a e t\u00e9cnica de remo. A lagoa \u00e9 um espa\u00e7o que nos permite ganhar confian\u00e7a com o bote, praticar a t\u00e9cnica e nos sentir est\u00e1veis e seguros antes de entrar no Rio. Entre preparativos e pr\u00e1ticas, ficamos aproximadamente uma hora.    <\/span><\/p>\n<p><span style=\"font-weight: 400\">Come\u00e7a a segunda parte da aventura: uma hora remando rio abaixo, guiando nosso bote e nos deixando levar. Conectamos com o momento e o ambiente pristino, inalterado e imponente entre montanhas e vales, mimetizando-nos com o ambiente que nos rodeia. No rio, costumam aparecer patos, p\u00e1ssaros e, \u00e0s vezes, castores.  <\/span><\/p>\n<p><span style=\"font-weight: 400\">Nossa primeira parada ser\u00e1 em uma prainha de rio onde o c\u00f3rrego Laguna Esmeralda se conecta com o rio Olivia. Aqui dedicaremos tempo para comer algo gostoso e descansar um pouco. <\/span><\/p>\n<p><span style=\"font-weight: 400\">Ser\u00e1 momento de descontrair e compartilhar, contemplando a majestade do lugar \u00fanico em que nos encontramos, s\u00f3s, sem ningu\u00e9m ao nosso redor.<\/span><\/p>\n<p><span style=\"font-weight: 400\">Na segunda parte do percurso, atravessamos trechos com bosque nativo e arbustos nas laterais do rio; a paisagem que nos cerca \u00e9 linda, e nossa miss\u00e3o \u00e9 sempre cuidar dela, trazendo de volta nosso lixo e todo o que vemos na beira do rio.<\/span><\/p>\n","protected":false},"excerpt":{"rendered":"<p>Em uma sa\u00edda de meio dia, que combina trilha (trekking) com remada, voc\u00ea desfrutar\u00e1 de toda a emo\u00e7\u00e3o de um rio meandrante cercado por turfeiras, &#8230;<\/p>\n","protected":false},"featured_media":462,"template":"","meta":{"_acf_changed":false},"epoca":[25],"tipo-excursion":[17],"product_brand":[],"product_cat":[80],"product_tag":[],"class_list":{"0":"post-2241","1":"product","2":"type-product","3":"status-publish","4":"has-post-thumbnail","6":"tipo-excursion-packrafting","7":"product_cat-sin-categorizar-pt-br","9":"first","10":"instock","11":"virtual","12":"sold-individually","13":"purchasable","14":"product-type-booking"},"acf":[],"_links":{"self":[{"href":"https:\/\/taunushuaia.com.ar\/pt-br\/wp-json\/wp\/v2\/product\/2241","targetHints":{"allow":["GET"]}}],"collection":[{"href":"https:\/\/taunushuaia.com.ar\/pt-br\/wp-json\/wp\/v2\/product"}],"about":[{"href":"https:\/\/taunushuaia.com.ar\/pt-br\/wp-json\/wp\/v2\/types\/product"}],"wp:featuredmedia":[{"embeddable":true,"href":"https:\/\/taunushuaia.com.ar\/pt-br\/wp-json\/wp\/v2\/media\/462"}],"wp:attachment":[{"href":"https:\/\/taunushuaia.com.ar\/pt-br\/wp-json\/wp\/v2\/media?parent=2241"}],"wp:term":[{"taxonomy":"epoca","embeddable":true,"href":"https:\/\/taunushuaia.com.ar\/pt-br\/wp-json\/wp\/v2\/epoca?post=2241"},{"taxonomy":"tipo-excursion","embeddable":true,"href":"https:\/\/taunushuaia.com.ar\/pt-br\/wp-json\/wp\/v2\/tipo-excursion?post=2241"},{"taxonomy":"product_brand","embeddable":true,"href":"https:\/\/taunushuaia.com.ar\/pt-br\/wp-json\/wp\/v2\/product_brand?post=2241"},{"taxonomy":"product_cat","embeddable":true,"href":"https:\/\/taunushuaia.com.ar\/pt-br\/wp-json\/wp\/v2\/product_cat?post=2241"},{"taxonomy":"product_tag","embeddable":true,"href":"https:\/\/taunushuaia.com.ar\/pt-br\/wp-json\/wp\/v2\/product_tag?post=2241"}],"curies":[{"name":"wp","href":"https:\/\/api.w.org\/{rel}","templated":true}]}}