{"id":275,"date":"2026-04-22T21:25:26","date_gmt":"2026-04-22T19:25:26","guid":{"rendered":"https:\/\/taunushuaia.com.ar\/?post_type=product&#038;p=275"},"modified":"2026-04-22T21:35:32","modified_gmt":"2026-04-22T19:35:32","slug":"el-cruce-de-los-andes-fueguinos","status":"publish","type":"product","link":"https:\/\/taunushuaia.com.ar\/pt-br\/excursion\/el-cruce-de-los-andes-fueguinos\/","title":{"rendered":"El Cruce de los Andes Fueguinos"},"content":{"rendered":"<p class=\"selectable-text copyable-text x15bjb6t x1n2onr6\" dir=\"ltr\">Te invitamos a vivir una expedici\u00f3n de 4 d\u00edas cruzando Los Andes Fueguinos, una salida de dificultad f\u00edsica alta en el extremo sur de la Patagonia.<br \/>\nVamos a visitar uno de los ambientes m\u00e1s pr\u00edstinos, salvajes y hermosos de Ushuaia. Por momentos vamos a transitar por senderos marcados y por otros momentos iremos sin camino, cruzando valles y r\u00edos, zonas de barro, humedales, turberas, bosque nativo, diques de castores, lagunas, lagos, \u00e1rboles ca\u00eddos, terreno rocoso de monta\u00f1a, nieve y glaciares.<\/p>\n<p>Cada d\u00eda de trekking vamos a cruzar por un paso alto de monta\u00f1a y bajaremos para acampar en el valle, por lo cual la actividad f\u00edsica combina km m\u00e1s desnivel importante.<br \/>\nRecomendado para personas que cuentan con muy buena condici\u00f3n f\u00edsica, experiencia previa cargando mochila (de 70 lts y 15\/20 kg ) y resistencia para d\u00edas largos de caminata.<\/p>\n<p><strong>D\u00eda 1: La Conquista del Hielo<\/strong><br \/>\nEmpezamos con todo. Desde el Valle de Tierra Mayor, caminaremos hacia la ic\u00f3nica Laguna Esmeralda, pero no nos quedamos ah\u00ed: subimos al Glaciar Ojo del Albino. Equipados con grampones y casco, viviremos la experiencia \u00fanica de caminar sobre hielo milenario. El d\u00eda termina cruzando el Paso Beban para dormir bajo las estrellas en un campamento de monta\u00f1a inolvidable.<\/p>\n<p>Highlight: Caminata t\u00e9cnica sobre el glaciar y vistas panor\u00e1micas de la cordillera.<\/p>\n<p><strong>D\u00eda 2: Del Paso a la Calma del Gran Lago<\/strong><br \/>\nUn d\u00eda de contrastes alucinantes. Superamos el Paso Beban para iniciar un descenso salvaje hacia el imponente Lago Khami (Fagnano). Atravesaremos valles moldeados por castores hasta llegar a Bah\u00eda Torito. \u00bfEl final perfecto? Una cena incre\u00edble, una ducha caliente y el merecido descanso en caba\u00f1as a orillas del lago.<\/p>\n<p>Highlight: El avistaje de diques de castores y el confort de una caba\u00f1a tras la monta\u00f1a.<\/p>\n<p><strong>D\u00eda 3: El Reino de las Cinco Lagunas<\/strong><br \/>\nNos adentramos en la Sierra Valdivieso, uno de los rincones m\u00e1s v\u00edrgenes de la isla. Un desfile de cinco lagunas de altura que parecen sacadas de una postal. Coronamos el paso de monta\u00f1a para descubrir, desde lo alto, la inmensidad del Valle de Carbajal, donde montaremos nuestro \u00faltimo campamento.<\/p>\n<p>Highlight: Un recorrido visual ininterrumpido por espejos de agua de monta\u00f1a.<\/p>\n<p><strong>D\u00eda 4: La Huella del Fin del Mundo<\/strong><br \/>\nEl cierre de la expedici\u00f3n nos lleva a caminar por las legendarias turberas del Valle Carbajal, un ecosistema \u00fanico y fascinante que define el paisaje fueguino. Es el tramo final de una traves\u00eda \u00e9pica, regresando a la ruta con el cuerpo cansado pero el esp\u00edritu lleno de Patagonia.<\/p>\n<p>Highlight: Atravesar las inmensas y esponjosas turberas, el sello distintivo de Tierra del Fuego.<\/p>\n","protected":false},"excerpt":{"rendered":"<p>Te invitamos a vivir una expedici\u00f3n de 4 d\u00edas cruzando Los Andes Fueguinos, una salida de dificultad f\u00edsica alta en el extremo sur de la Patagonia.<br \/>\nVamos a visitar uno de los ambientes m\u00e1s pr\u00edstinos, salvajes y hermosos de Ushuaia. Por momentos vamos a transitar por senderos marcados y por otros momentos iremos sin camino, cruzando valles y r\u00edos, zonas de barro, humedales, turberas, bosque nativo, diques de castores, lagunas, lagos, \u00e1rboles ca\u00eddos, terreno rocoso de monta\u00f1a, nieve y glaciares.<\/p>\n","protected":false},"featured_media":1091,"template":"","meta":{"_acf_changed":false},"epoca":[28,27],"tipo-excursion":[19],"product_brand":[],"product_cat":[15],"product_tag":[116,85,117,115],"class_list":{"0":"post-275","1":"product","2":"type-product","3":"status-publish","4":"has-post-thumbnail","6":"tipo-excursion-campamento","7":"product_cat-sin-categorizar","8":"product_tag-cruce-de-los-andes","9":"product_tag-laguna-esmeralda","10":"product_tag-ojo-del-albino","11":"product_tag-paso-beban","13":"first","14":"instock","15":"sold-individually","16":"shipping-taxable","17":"purchasable","18":"product-type-booking"},"acf":[],"_links":{"self":[{"href":"https:\/\/taunushuaia.com.ar\/pt-br\/wp-json\/wp\/v2\/product\/275","targetHints":{"allow":["GET"]}}],"collection":[{"href":"https:\/\/taunushuaia.com.ar\/pt-br\/wp-json\/wp\/v2\/product"}],"about":[{"href":"https:\/\/taunushuaia.com.ar\/pt-br\/wp-json\/wp\/v2\/types\/product"}],"wp:featuredmedia":[{"embeddable":true,"href":"https:\/\/taunushuaia.com.ar\/pt-br\/wp-json\/wp\/v2\/media\/1091"}],"wp:attachment":[{"href":"https:\/\/taunushuaia.com.ar\/pt-br\/wp-json\/wp\/v2\/media?parent=275"}],"wp:term":[{"taxonomy":"epoca","embeddable":true,"href":"https:\/\/taunushuaia.com.ar\/pt-br\/wp-json\/wp\/v2\/epoca?post=275"},{"taxonomy":"tipo-excursion","embeddable":true,"href":"https:\/\/taunushuaia.com.ar\/pt-br\/wp-json\/wp\/v2\/tipo-excursion?post=275"},{"taxonomy":"product_brand","embeddable":true,"href":"https:\/\/taunushuaia.com.ar\/pt-br\/wp-json\/wp\/v2\/product_brand?post=275"},{"taxonomy":"product_cat","embeddable":true,"href":"https:\/\/taunushuaia.com.ar\/pt-br\/wp-json\/wp\/v2\/product_cat?post=275"},{"taxonomy":"product_tag","embeddable":true,"href":"https:\/\/taunushuaia.com.ar\/pt-br\/wp-json\/wp\/v2\/product_tag?post=275"}],"curies":[{"name":"wp","href":"https:\/\/api.w.org\/{rel}","templated":true}]}}